{"id":38143,"date":"2025-07-02T21:42:46","date_gmt":"2025-07-02T21:42:46","guid":{"rendered":"https:\/\/abrirlink.com.br\/nutrate\/?page_id=38143"},"modified":"2025-07-12T00:43:36","modified_gmt":"2025-07-12T00:43:36","slug":"medicina","status":"publish","type":"page","link":"https:\/\/abrirlink.com.br\/nutrate\/medicina\/","title":{"rendered":"Medicina"},"content":{"rendered":"\t\t<div data-elementor-type=\"wp-page\" data-elementor-id=\"38143\" class=\"elementor elementor-38143\">\n\t\t\t\t<div class=\"elementor-element elementor-element-fe01a67 e-con-full e-flex cmsmasters-block-default e-con e-parent\" data-id=\"fe01a67\" data-element_type=\"container\" data-e-type=\"container\" data-settings=\"{&quot;background_background&quot;:&quot;classic&quot;}\">\n\t\t\t\t<div class=\"elementor-element elementor-element-c20ff21 cmsmasters-block-default cmsmasters-sticky-default elementor-widget elementor-widget-heading\" data-id=\"c20ff21\" data-element_type=\"widget\" data-e-type=\"widget\" data-widget_type=\"heading.default\">\n\t\t\t\t<div class=\"elementor-widget-container\">\n\t\t\t\t\t<h2 class=\"elementor-heading-title elementor-size-default\">Escolha uma op\u00e7\u00e3o<\/h2>\t\t\t\t<\/div>\n\t\t\t\t<\/div>\n\t\t\t\t<div class=\"elementor-element elementor-element-bcf6a7b cmsmasters-block-default cmsmasters-sticky-default elementor-widget elementor-widget-text-editor\" data-id=\"bcf6a7b\" data-element_type=\"widget\" data-e-type=\"widget\" data-widget_type=\"text-editor.default\">\n\t\t\t\t<div class=\"elementor-widget-container\">\n\t\t\t\t\t\t\t\t\t<p class=\"post_subtitle\">Conhe\u00e7a nossos especialistas<\/p>\t\t\t\t\t\t\t\t<\/div>\n\t\t\t\t<\/div>\n\t\t\t\t<\/div>\n\t\t<div class=\"elementor-element elementor-element-2a6aa20 e-flex e-con-boxed cmsmasters-block-default e-con e-parent\" data-id=\"2a6aa20\" data-element_type=\"container\" data-e-type=\"container\">\n\t\t\t\t\t<div class=\"e-con-inner\">\n\t\t<div class=\"elementor-element elementor-element-b7fcc56 e-con-full e-flex cmsmasters-block-default e-con e-child\" data-id=\"b7fcc56\" data-element_type=\"container\" data-e-type=\"container\">\n\t\t\t\t<div class=\"elementor-element elementor-element-9c15bc6 cmsmasters-block-default cmsmasters-sticky-default elementor-widget elementor-widget-button\" data-id=\"9c15bc6\" data-element_type=\"widget\" data-e-type=\"widget\" data-widget_type=\"button.default\">\n\t\t\t\t<div class=\"elementor-widget-container\">\n\t\t\t\t\t\t\t\t\t<div class=\"elementor-button-wrapper\">\n\t\t\t\t\t<a class=\"elementor-button elementor-button-link elementor-size-sm\" href=\"https:\/\/abrirlink.com.br\/nutrate\/endocrinologia\/\">\n\t\t\t\t\t\t<span class=\"elementor-button-content-wrapper\">\n\t\t\t\t\t\t\t\t\t<span class=\"elementor-button-text\">Endocrinologia<\/span>\n\t\t\t\t\t<\/span>\n\t\t\t\t\t<\/a>\n\t\t\t\t<\/div>\n\t\t\t\t\t\t\t\t<\/div>\n\t\t\t\t<\/div>\n\t\t\t\t<\/div>\n\t\t<div class=\"elementor-element elementor-element-612eed9 e-con-full e-flex cmsmasters-block-default e-con e-child\" data-id=\"612eed9\" data-element_type=\"container\" data-e-type=\"container\">\n\t\t\t\t<div class=\"elementor-element elementor-element-574c814 cmsmasters-block-default cmsmasters-sticky-default elementor-widget elementor-widget-button\" data-id=\"574c814\" data-element_type=\"widget\" data-e-type=\"widget\" data-widget_type=\"button.default\">\n\t\t\t\t<div class=\"elementor-widget-container\">\n\t\t\t\t\t\t\t\t\t<div class=\"elementor-button-wrapper\">\n\t\t\t\t\t<a class=\"elementor-button elementor-button-link elementor-size-sm\" href=\"https:\/\/abrirlink.com.br\/nutrate\/cardiologia\/\">\n\t\t\t\t\t\t<span class=\"elementor-button-content-wrapper\">\n\t\t\t\t\t\t\t\t\t<span class=\"elementor-button-text\">Cardiologia<\/span>\n\t\t\t\t\t<\/span>\n\t\t\t\t\t<\/a>\n\t\t\t\t<\/div>\n\t\t\t\t\t\t\t\t<\/div>\n\t\t\t\t<\/div>\n\t\t\t\t<\/div>\n\t\t\t\t\t<\/div>\n\t\t\t\t<\/div>\n\t\t\t\t<\/div>\n\t\t","protected":false},"excerpt":{"rendered":"<p>Escolha uma op\u00e7\u00e3o Conhe\u00e7a nossos especialistas Endocrinologia Cardiologia<\/p>\n","protected":false},"author":1,"featured_media":0,"parent":0,"menu_order":0,"comment_status":"closed","ping_status":"closed","template":"","meta":{"_acf_changed":false,"footnotes":""},"class_list":["post-38143","page","type-page","status-publish","hentry"],"acf":[],"_links":{"self":[{"href":"https:\/\/abrirlink.com.br\/nutrate\/wp-json\/wp\/v2\/pages\/38143","targetHints":{"allow":["GET"]}}],"collection":[{"href":"https:\/\/abrirlink.com.br\/nutrate\/wp-json\/wp\/v2\/pages"}],"about":[{"href":"https:\/\/abrirlink.com.br\/nutrate\/wp-json\/wp\/v2\/types\/page"}],"author":[{"embeddable":true,"href":"https:\/\/abrirlink.com.br\/nutrate\/wp-json\/wp\/v2\/users\/1"}],"replies":[{"embeddable":true,"href":"https:\/\/abrirlink.com.br\/nutrate\/wp-json\/wp\/v2\/comments?post=38143"}],"version-history":[{"count":10,"href":"https:\/\/abrirlink.com.br\/nutrate\/wp-json\/wp\/v2\/pages\/38143\/revisions"}],"predecessor-version":[{"id":38302,"href":"https:\/\/abrirlink.com.br\/nutrate\/wp-json\/wp\/v2\/pages\/38143\/revisions\/38302"}],"wp:attachment":[{"href":"https:\/\/abrirlink.com.br\/nutrate\/wp-json\/wp\/v2\/media?parent=38143"}],"curies":[{"name":"wp","href":"https:\/\/api.w.org\/{rel}","templated":true}]}}