{"id":38065,"date":"2025-07-02T21:08:18","date_gmt":"2025-07-02T21:08:18","guid":{"rendered":"https:\/\/abrirlink.com.br\/nutrate\/?page_id=38065"},"modified":"2025-07-02T21:37:32","modified_gmt":"2025-07-02T21:37:32","slug":"bioimpedancia-analise-da-composicao-corporal","status":"publish","type":"page","link":"https:\/\/abrirlink.com.br\/nutrate\/bioimpedancia-analise-da-composicao-corporal\/","title":{"rendered":"Bioimped\u00e2ncia"},"content":{"rendered":"\t\t<div data-elementor-type=\"wp-page\" data-elementor-id=\"38065\" class=\"elementor elementor-38065\">\n\t\t\t\t<div class=\"elementor-element elementor-element-fe01a67 e-con-full e-flex cmsmasters-block-default e-con e-parent\" data-id=\"fe01a67\" data-element_type=\"container\" data-e-type=\"container\" data-settings=\"{&quot;background_background&quot;:&quot;classic&quot;}\">\n\t\t\t\t<div class=\"elementor-element elementor-element-c20ff21 cmsmasters-block-default cmsmasters-sticky-default elementor-widget elementor-widget-heading\" data-id=\"c20ff21\" data-element_type=\"widget\" data-e-type=\"widget\" data-widget_type=\"heading.default\">\n\t\t\t\t<div class=\"elementor-widget-container\">\n\t\t\t\t\t<h2 class=\"elementor-heading-title elementor-size-default\">Bioimped\u00e2ncia<\/h2>\t\t\t\t<\/div>\n\t\t\t\t<\/div>\n\t\t\t\t<div class=\"elementor-element elementor-element-bcf6a7b cmsmasters-block-default cmsmasters-sticky-default elementor-widget elementor-widget-text-editor\" data-id=\"bcf6a7b\" data-element_type=\"widget\" data-e-type=\"widget\" data-widget_type=\"text-editor.default\">\n\t\t\t\t<div class=\"elementor-widget-container\">\n\t\t\t\t\t\t\t\t\t<p class=\"post_subtitle\">An\u00e1lise da Composi\u00e7\u00e3o Corporal<\/p>\t\t\t\t\t\t\t\t<\/div>\n\t\t\t\t<\/div>\n\t\t\t\t<\/div>\n\t\t<div class=\"elementor-element elementor-element-2a6aa20 e-flex e-con-boxed cmsmasters-block-default e-con e-parent\" data-id=\"2a6aa20\" data-element_type=\"container\" data-e-type=\"container\">\n\t\t\t\t\t<div class=\"e-con-inner\">\n\t\t<div class=\"elementor-element elementor-element-b7fcc56 e-con-full e-flex cmsmasters-block-default e-con e-child\" data-id=\"b7fcc56\" data-element_type=\"container\" data-e-type=\"container\">\n\t\t\t\t<div class=\"elementor-element elementor-element-7574859 cmsmasters-block-default cmsmasters-sticky-default elementor-widget elementor-widget-image\" data-id=\"7574859\" data-element_type=\"widget\" data-e-type=\"widget\" data-widget_type=\"image.default\">\n\t\t\t\t<div class=\"elementor-widget-container\">\n\t\t\t\t\t\t\t\t\t\t\t\t\t\t\t<img fetchpriority=\"high\" decoding=\"async\" width=\"926\" height=\"926\" src=\"https:\/\/abrirlink.com.br\/nutrate\/wp-content\/uploads\/2025\/07\/Captura-de-Tela-2025-07-02-as-18.31.03.png\" class=\"attachment-full size-full wp-image-38130\" alt=\"\" srcset=\"https:\/\/abrirlink.com.br\/nutrate\/wp-content\/uploads\/2025\/07\/Captura-de-Tela-2025-07-02-as-18.31.03.png 926w, https:\/\/abrirlink.com.br\/nutrate\/wp-content\/uploads\/2025\/07\/Captura-de-Tela-2025-07-02-as-18.31.03-300x300.png 300w, https:\/\/abrirlink.com.br\/nutrate\/wp-content\/uploads\/2025\/07\/Captura-de-Tela-2025-07-02-as-18.31.03-150x150.png 150w, https:\/\/abrirlink.com.br\/nutrate\/wp-content\/uploads\/2025\/07\/Captura-de-Tela-2025-07-02-as-18.31.03-768x768.png 768w, https:\/\/abrirlink.com.br\/nutrate\/wp-content\/uploads\/2025\/07\/Captura-de-Tela-2025-07-02-as-18.31.03-260x260.png 260w, https:\/\/abrirlink.com.br\/nutrate\/wp-content\/uploads\/2025\/07\/Captura-de-Tela-2025-07-02-as-18.31.03-600x600.png 600w, https:\/\/abrirlink.com.br\/nutrate\/wp-content\/uploads\/2025\/07\/Captura-de-Tela-2025-07-02-as-18.31.03-100x100.png 100w\" sizes=\"(max-width: 926px) 100vw, 926px\" \/>\t\t\t\t\t\t\t\t\t\t\t\t\t\t\t<\/div>\n\t\t\t\t<\/div>\n\t\t\t\t<\/div>\n\t\t<div class=\"elementor-element elementor-element-612eed9 e-con-full e-flex cmsmasters-block-default e-con e-child\" data-id=\"612eed9\" data-element_type=\"container\" data-e-type=\"container\">\n\t\t\t\t<div class=\"elementor-element elementor-element-b142cae cmsmasters-block-default cmsmasters-sticky-default elementor-widget elementor-widget-text-editor\" data-id=\"b142cae\" data-element_type=\"widget\" data-e-type=\"widget\" data-widget_type=\"text-editor.default\">\n\t\t\t\t<div class=\"elementor-widget-container\">\n\t\t\t\t\t\t\t\t\t<div><h4>Avalie seu percentual de gordura e massa magra, no momento da sua consulta!<\/h4><\/div><div>A bioimped\u00e2ncia \u00e9 um exame que consiste na passagem de uma corrente el\u00e9trica pelo corpo, que estima o \u00edndice de massa corporal, percentual de gordura e massa magra, gordura visceral, taxa metab\u00f3lica basal, entre outros dados da composi\u00e7\u00e3o corporal que proporcionam informa\u00e7\u00f5es mais precisas sobre o estado nutricional do paciente. Leva em considera\u00e7\u00e3o a idade, altura, sexo e intensidade de atividade f\u00edsica, que s\u00e3o dados introduzidos na balan\u00e7a.<\/div><div>\u00a0<\/div><div><strong>Marque sua avalia\u00e7\u00e3o durante o agendamento da consulta de nutri\u00e7\u00e3o!<\/strong><\/div>\t\t\t\t\t\t\t\t<\/div>\n\t\t\t\t<\/div>\n\t\t\t\t<\/div>\n\t\t\t\t\t<\/div>\n\t\t\t\t<\/div>\n\t\t\t\t<\/div>\n\t\t","protected":false},"excerpt":{"rendered":"<p>Bioimped\u00e2ncia An\u00e1lise da Composi\u00e7\u00e3o Corporal Avalie seu percentual de gordura e massa magra, no momento da sua consulta! A bioimped\u00e2ncia \u00e9 um exame que consiste na passagem de uma corrente el\u00e9trica pelo corpo, que estima o \u00edndice de massa corporal, percentual de gordura e massa magra, gordura visceral, taxa metab\u00f3lica basal, entre outros dados da&#8230;<\/p>\n","protected":false},"author":1,"featured_media":0,"parent":0,"menu_order":0,"comment_status":"closed","ping_status":"closed","template":"","meta":{"_acf_changed":false,"footnotes":""},"class_list":["post-38065","page","type-page","status-publish","hentry"],"acf":[],"_links":{"self":[{"href":"https:\/\/abrirlink.com.br\/nutrate\/wp-json\/wp\/v2\/pages\/38065","targetHints":{"allow":["GET"]}}],"collection":[{"href":"https:\/\/abrirlink.com.br\/nutrate\/wp-json\/wp\/v2\/pages"}],"about":[{"href":"https:\/\/abrirlink.com.br\/nutrate\/wp-json\/wp\/v2\/types\/page"}],"author":[{"embeddable":true,"href":"https:\/\/abrirlink.com.br\/nutrate\/wp-json\/wp\/v2\/users\/1"}],"replies":[{"embeddable":true,"href":"https:\/\/abrirlink.com.br\/nutrate\/wp-json\/wp\/v2\/comments?post=38065"}],"version-history":[{"count":11,"href":"https:\/\/abrirlink.com.br\/nutrate\/wp-json\/wp\/v2\/pages\/38065\/revisions"}],"predecessor-version":[{"id":38142,"href":"https:\/\/abrirlink.com.br\/nutrate\/wp-json\/wp\/v2\/pages\/38065\/revisions\/38142"}],"wp:attachment":[{"href":"https:\/\/abrirlink.com.br\/nutrate\/wp-json\/wp\/v2\/media?parent=38065"}],"curies":[{"name":"wp","href":"https:\/\/api.w.org\/{rel}","templated":true}]}}